{"id":212,"date":"2019-11-03T20:31:33","date_gmt":"2019-11-03T19:31:33","guid":{"rendered":"http:\/\/soulsbalm-aussies.de\/?page_id=212"},"modified":"2019-11-03T20:31:33","modified_gmt":"2019-11-03T19:31:33","slug":"impressum","status":"publish","type":"page","link":"http:\/\/soulsbalm-aussies.de\/?page_id=212","title":{"rendered":"Impressum"},"content":{"rendered":"<p>Impressum<\/p>\n<p>Angaben gem\u00e4\u00df \u00a7 5 TMG:<br \/>\n\u200b<br \/>\nSteffen H\u00fcbschmann<br \/>\nAnselmstrasse 12<br \/>\n89601 Schelklingen<\/p>\n<p>Kontakt:<\/p>\n<p>Telefon: 01578-7832410<br \/>\nE-Mail: huebschmannjustingen@icloud.com<\/p>\n<p>Verantwortlich f\u00fcr den Inhalt nach \u00a7 55 Abs. 2 RStV:<\/p>\n<p>Steffen H\u00fcbschmann<\/p>\n<p>Haftung f\u00fcr Inhalte<br \/>\nAls Diensteanbieter sind wir gem\u00e4\u00df \u00a7 7 Abs.1 TMG f\u00fcr eigene Inhalte auf diesen Seiten nach den<br \/>\nallgemeinen Gesetzen verantwortlich. Nach \u00a7\u00a7 8 bis 10 TMG sind wir als Diensteanbieter jedoch nicht<br \/>\nverpflichtet, \u00fcbermittelte oder gespeicherte fremde Informationen zu \u00fcberwachen oder nach Umst\u00e4nden<br \/>\nzu forschen, die auf eine rechtswidrige T\u00e4tigkeit hinweisen.<br \/>\nVerpflichtungen zur Entfernung oder Sperrung der Nutzung von Informationen nach den allgemeinen<br \/>\nGesetzen bleiben hiervon unber\u00fchrt. Eine diesbez\u00fcgliche Haftung ist jedoch erst ab dem Zeitpunkt der<br \/>\nKenntnis einer konkreten Rechtsverletzung m\u00f6glich. Bei Bekanntwerden von entsprechenden<br \/>\nRechtsverletzungen werden wir diese Inhalte umgehend entfernen.<\/p>\n<p>Haftung f\u00fcr Links<br \/>\nUnser Angebot enth\u00e4lt Links zu externen Webseiten Dritter, auf deren Inhalte wir keinen Einfluss haben.<br \/>\nDeshalb k\u00f6nnen wir f\u00fcr diese fremden Inhalte auch keine Gew\u00e4hr \u00fcbernehmen. F\u00fcr die Inhalte der<br \/>\nverlinkten Seiten ist stets der jeweilige Anbieter oder Betreiber der Seiten verantwortlich. Die verlinkten<br \/>\nSeiten wurden zum Zeitpunkt der Verlinkung auf m\u00f6gliche Rechtsverst\u00f6\u00dfe \u00fcberpr\u00fcft. Rechtswidrige<br \/>\nInhalte waren zum Zeitpunkt der Verlinkung nicht erkennbar.<br \/>\nEine permanente inhaltliche Kontrolle der verlinkten Seiten ist jedoch ohne konkrete Anhaltspunkte einer<br \/>\nRechtsverletzung nicht zumutbar. Bei Bekanntwerden von Rechtsverletzungen werden wir derartige Links<br \/>\numgehend entfernen.<\/p>\n<p>Urheberrecht<br \/>\nDie durch die Seitenbetreiber erstellten Inhalte und Werke auf diesen Seiten unterliegen dem deutschen<br \/>\nUrheberrecht. Die Vervielf\u00e4ltigung, Bearbeitung, Verbreitung und jede Art der Verwertung au\u00dferhalb der<br \/>\nGrenzen des Urheberrechtes bed\u00fcrfen der schriftlichen Zustimmung des jeweiligen Autors bzw.<br \/>\nErstellers. Downloads und Kopien dieser Seite sind nur f\u00fcr den privaten, nicht kommerziellen Gebrauch<br \/>\ngestattet. Soweit die Inhalte auf dieser Seite nicht vom Betreiber erstellt wurden, werden die Urheberrechte Dritter<br \/>\nbeachtet. Insbesondere werden Inhalte Dritter als solche gekennzeichnet. Sollten Sie trotzdem auf eine<br \/>\nUrheberrechtsverletzung aufmerksam werden, bitten wir um einen entsprechenden Hinweis. Bei<br \/>\nBekanntwerden von Rechtsverletzungen werden wir derartige Inhalte umgehend entfernen.<br \/>\nQuelle: eRecht24<\/p>\n ","protected":false},"excerpt":{"rendered":"<p>Impressum Angaben gem\u00e4\u00df \u00a7 5 TMG: \u200b Steffen H\u00fcbschmann Anselmstrasse 12 89601 Schelklingen Kontakt: Telefon: 01578-7832410 E-Mail: huebschmannjustingen@icloud.com Verantwortlich f\u00fcr den Inhalt nach \u00a7 55 Abs. 2 RStV: Steffen H\u00fcbschmann Haftung f\u00fcr Inhalte Als Diensteanbieter sind wir gem\u00e4\u00df \u00a7 7 Abs.1 TMG f\u00fcr eigene Inhalte auf diesen Seiten nach den allgemeinen Gesetzen verantwortlich. Nach \u00a7\u00a7 &hellip; <\/p>\n<p class=\"link-more\"><a href=\"http:\/\/soulsbalm-aussies.de\/?page_id=212\" class=\"more-link\"><span class=\"screen-reader-text\">\u201eImpressum\u201c<\/span> weiterlesen<\/a><\/p>\n","protected":false},"author":1,"featured_media":0,"parent":0,"menu_order":0,"comment_status":"closed","ping_status":"closed","template":"","meta":[],"_links":{"self":[{"href":"http:\/\/soulsbalm-aussies.de\/index.php?rest_route=\/wp\/v2\/pages\/212"}],"collection":[{"href":"http:\/\/soulsbalm-aussies.de\/index.php?rest_route=\/wp\/v2\/pages"}],"about":[{"href":"http:\/\/soulsbalm-aussies.de\/index.php?rest_route=\/wp\/v2\/types\/page"}],"author":[{"embeddable":true,"href":"http:\/\/soulsbalm-aussies.de\/index.php?rest_route=\/wp\/v2\/users\/1"}],"replies":[{"embeddable":true,"href":"http:\/\/soulsbalm-aussies.de\/index.php?rest_route=%2Fwp%2Fv2%2Fcomments&post=212"}],"version-history":[{"count":1,"href":"http:\/\/soulsbalm-aussies.de\/index.php?rest_route=\/wp\/v2\/pages\/212\/revisions"}],"predecessor-version":[{"id":213,"href":"http:\/\/soulsbalm-aussies.de\/index.php?rest_route=\/wp\/v2\/pages\/212\/revisions\/213"}],"wp:attachment":[{"href":"http:\/\/soulsbalm-aussies.de\/index.php?rest_route=%2Fwp%2Fv2%2Fmedia&parent=212"}],"curies":[{"name":"wp","href":"https:\/\/api.w.org\/{rel}","templated":true}]}}