{"id":630,"date":"2021-04-16T14:42:18","date_gmt":"2021-04-16T12:42:18","guid":{"rendered":"http:\/\/soulsbalm-aussies.de\/?page_id=630"},"modified":"2021-07-06T08:46:52","modified_gmt":"2021-07-06T06:46:52","slug":"steckbrief-angel","status":"publish","type":"page","link":"http:\/\/soulsbalm-aussies.de\/?page_id=630","title":{"rendered":"Steckbrief Angel"},"content":{"rendered":"<p>Angel In The Dark Sky<\/p>\n<p>geb. am 13.10.2020<\/p>\n<p>Black Tri<\/p>\n<p><strong>Showergebnisse:<\/strong><\/p>\n<p><span style=\"text-decoration: underline;\">CACIB Cemnitz 2021<\/span><br \/>\nVV1 j\u00fcngstenklasse<\/p>\n<p>&nbsp;<\/p>\n<p>Angel darf sp\u00e4ter wenn sie gro\u00df ist in die sportlichen Fu\u00dfstapfen ihrer Mutter treten.<\/p>\n ","protected":false},"excerpt":{"rendered":"<p>Angel In The Dark Sky geb. am 13.10.2020 Black Tri Showergebnisse: CACIB Cemnitz 2021 VV1 j\u00fcngstenklasse &nbsp; Angel darf sp\u00e4ter wenn sie gro\u00df ist in die sportlichen Fu\u00dfstapfen ihrer Mutter treten.<\/p>\n","protected":false},"author":1,"featured_media":0,"parent":0,"menu_order":0,"comment_status":"closed","ping_status":"closed","template":"","meta":[],"_links":{"self":[{"href":"http:\/\/soulsbalm-aussies.de\/index.php?rest_route=\/wp\/v2\/pages\/630"}],"collection":[{"href":"http:\/\/soulsbalm-aussies.de\/index.php?rest_route=\/wp\/v2\/pages"}],"about":[{"href":"http:\/\/soulsbalm-aussies.de\/index.php?rest_route=\/wp\/v2\/types\/page"}],"author":[{"embeddable":true,"href":"http:\/\/soulsbalm-aussies.de\/index.php?rest_route=\/wp\/v2\/users\/1"}],"replies":[{"embeddable":true,"href":"http:\/\/soulsbalm-aussies.de\/index.php?rest_route=%2Fwp%2Fv2%2Fcomments&post=630"}],"version-history":[{"count":4,"href":"http:\/\/soulsbalm-aussies.de\/index.php?rest_route=\/wp\/v2\/pages\/630\/revisions"}],"predecessor-version":[{"id":641,"href":"http:\/\/soulsbalm-aussies.de\/index.php?rest_route=\/wp\/v2\/pages\/630\/revisions\/641"}],"wp:attachment":[{"href":"http:\/\/soulsbalm-aussies.de\/index.php?rest_route=%2Fwp%2Fv2%2Fmedia&parent=630"}],"curies":[{"name":"wp","href":"https:\/\/api.w.org\/{rel}","templated":true}]}}